{"id":17282,"date":"2024-05-13T15:19:57","date_gmt":"2024-05-13T13:19:57","guid":{"rendered":"https:\/\/www.fukufood.cz\/?page_id=17282"},"modified":"2024-05-14T14:56:39","modified_gmt":"2024-05-14T12:56:39","slug":"voucher","status":"publish","type":"page","link":"https:\/\/www.fukufood.cz\/en\/voucher\/","title":{"rendered":"Voucher"},"content":{"rendered":"<div data-elementor-type=\"wp-page\" data-elementor-id=\"17282\" class=\"elementor elementor-17282\" data-elementor-post-type=\"page\">\n\t\t\t\t<div class=\"elementor-element elementor-element-8872b19 e-flex e-con-boxed e-con e-parent\" data-id=\"8872b19\" data-element_type=\"container\" data-settings=\"{&quot;background_background&quot;:&quot;classic&quot;}\">\n\t\t\t\t\t<div class=\"e-con-inner\">\n\t\t<div class=\"elementor-element elementor-element-f3e80c4 e-con-full e-flex e-con e-child\" data-id=\"f3e80c4\" data-element_type=\"container\">\n\t\t<div class=\"elementor-element elementor-element-3eca00a e-con-full e-flex e-con e-child\" data-id=\"3eca00a\" data-element_type=\"container\">\n\t\t\t\t<div class=\"elementor-element elementor-element-1d4a3ae elementor-widget__width-inherit elementor-invisible elementor-widget elementor-widget-heading\" data-id=\"1d4a3ae\" data-element_type=\"widget\" data-settings=\"{&quot;_animation&quot;:&quot;fadeIn&quot;}\" data-widget_type=\"heading.default\">\n\t\t\t\t<div class=\"elementor-widget-container\">\n\t\t\t<style>\/*! elementor - v3.21.0 - 08-05-2024 *\/\n.elementor-heading-title{padding:0;margin:0;line-height:1}.elementor-widget-heading .elementor-heading-title[class*=elementor-size-]>a{color:inherit;font-size:inherit;line-height:inherit}.elementor-widget-heading .elementor-heading-title.elementor-size-small{font-size:15px}.elementor-widget-heading .elementor-heading-title.elementor-size-medium{font-size:19px}.elementor-widget-heading .elementor-heading-title.elementor-size-large{font-size:29px}.elementor-widget-heading .elementor-heading-title.elementor-size-xl{font-size:39px}.elementor-widget-heading .elementor-heading-title.elementor-size-xxl{font-size:59px}<\/style><h2 class=\"elementor-heading-title elementor-size-default\">Ud\u011blejte sv\u00fdm mil\u00fdm <img decoding=\"async\" class=\"heading-image2\" src=\"https:\/\/www.fukufood.cz\/wp-content\/uploads\/2024\/05\/party.webp\"> <span style=\"color:#C6252D\">radost<\/span> <img decoding=\"async\" class=\"heading-image2\" src=\"https:\/\/www.fukufood.cz\/wp-content\/uploads\/2024\/05\/event.webp\"> a darujte jim n\u00e1\u0161 <span style=\"color:#C6252D\">voucher<\/span> <img decoding=\"async\" class=\"heading-image2\" src=\"https:\/\/www.fukufood.cz\/wp-content\/uploads\/2024\/05\/about-us-4.webp\"><\/h2>\t\t<\/div>\n\t\t\t\t<\/div>\n\t\t\t\t<\/div>\n\t\t<div class=\"elementor-element elementor-element-2527bc7 e-con-full e-flex e-con e-child\" data-id=\"2527bc7\" data-element_type=\"container\">\n\t\t\t\t<div class=\"elementor-element elementor-element-d219d0a elementor-widget__width-initial elementor-invisible elementor-widget elementor-widget-text-editor\" data-id=\"d219d0a\" data-element_type=\"widget\" data-settings=\"{&quot;_animation&quot;:&quot;fadeInDown&quot;,&quot;_animation_delay&quot;:150}\" data-widget_type=\"text-editor.default\">\n\t\t\t\t<div class=\"elementor-widget-container\">\n\t\t\t<style>\/*! elementor - v3.21.0 - 08-05-2024 *\/\n.elementor-widget-text-editor.elementor-drop-cap-view-stacked .elementor-drop-cap{background-color:#69727d;color:#fff}.elementor-widget-text-editor.elementor-drop-cap-view-framed .elementor-drop-cap{color:#69727d;border:3px solid;background-color:transparent}.elementor-widget-text-editor:not(.elementor-drop-cap-view-default) .elementor-drop-cap{margin-top:8px}.elementor-widget-text-editor:not(.elementor-drop-cap-view-default) .elementor-drop-cap-letter{width:1em;height:1em}.elementor-widget-text-editor .elementor-drop-cap{float:left;text-align:center;line-height:1;font-size:50px}.elementor-widget-text-editor .elementor-drop-cap-letter{display:inline-block}<\/style>\t\t\t\t<p>V nab\u00eddce m\u00e1me vouchery v hodnot\u00e1ch 500 K\u010d, 1000 K\u010d, 1500 K\u010d a 2000 K\u010d. D\u00e1rkov\u00e9 vouchery si m\u016f\u017eete zakoupit p\u0159\u00edmo u n\u00e1s v restauraci!<\/p>\t\t\t\t\t\t<\/div>\n\t\t\t\t<\/div>\n\t\t<div class=\"elementor-element elementor-element-1e8d609 e-con-full e-flex e-con e-child\" data-id=\"1e8d609\" data-element_type=\"container\">\n\t\t\t\t<div class=\"elementor-element elementor-element-b18c0a2 elementor-align-right elementor-invisible elementor-widget elementor-widget-button\" data-id=\"b18c0a2\" data-element_type=\"widget\" data-settings=\"{&quot;_animation&quot;:&quot;fadeInDown&quot;,&quot;_animation_delay&quot;:300}\" data-widget_type=\"button.default\">\n\t\t\t\t<div class=\"elementor-widget-container\">\n\t\t\t\t\t<div class=\"elementor-button-wrapper\">\n\t\t\t<a class=\"elementor-button elementor-button-link elementor-size-sm elementor-animation-sink\" href=\"#kontakt\">\n\t\t\t\t\t\t<span class=\"elementor-button-content-wrapper\">\n\t\t\t\t\t\t<span class=\"elementor-button-icon elementor-align-icon-right\">\n\t\t\t\t<svg xmlns=\"http:\/\/www.w3.org\/2000\/svg\" clip-rule=\"evenodd\" fill-rule=\"evenodd\" height=\"512\" viewbox=\"0 0 28444 28444\" width=\"512\"><g id=\"Layer_x0020_1\"><path d=\"m4382 1866h22196v22196h-2490v-17938l-20093 20093-1768-1767 20094-20094h-17939z\" fill-rule=\"nonzero\"><\/path><\/g><\/svg>\t\t\t<\/span>\n\t\t\t\t\t\t\t\t\t<span class=\"elementor-button-text\">Kontaktujte n\u00e1s<\/span>\n\t\t\t\t\t<\/span>\n\t\t\t\t\t<\/a>\n\t\t<\/div>\n\t\t\t\t<\/div>\n\t\t\t\t<\/div>\n\t\t\t\t<\/div>\n\t\t<div class=\"elementor-element elementor-element-9115276 e-con-full e-flex e-con e-child\" data-id=\"9115276\" data-element_type=\"container\">\n\t\t<div class=\"elementor-element elementor-element-45b8e28 e-con-full e-transform e-flex elementor-invisible e-con e-child\" data-id=\"45b8e28\" data-element_type=\"container\" data-settings=\"{&quot;background_background&quot;:&quot;classic&quot;,&quot;_transform_translateY_effect_hover&quot;:{&quot;unit&quot;:&quot;px&quot;,&quot;size&quot;:16,&quot;sizes&quot;:[]},&quot;animation&quot;:&quot;fadeIn&quot;,&quot;animation_delay&quot;:150,&quot;_transform_translateX_effect_hover&quot;:{&quot;unit&quot;:&quot;px&quot;,&quot;size&quot;:&quot;&quot;,&quot;sizes&quot;:[]},&quot;_transform_translateX_effect_hover_tablet&quot;:{&quot;unit&quot;:&quot;px&quot;,&quot;size&quot;:&quot;&quot;,&quot;sizes&quot;:[]},&quot;_transform_translateX_effect_hover_mobile&quot;:{&quot;unit&quot;:&quot;px&quot;,&quot;size&quot;:&quot;&quot;,&quot;sizes&quot;:[]},&quot;_transform_translateY_effect_hover_tablet&quot;:{&quot;unit&quot;:&quot;px&quot;,&quot;size&quot;:&quot;&quot;,&quot;sizes&quot;:[]},&quot;_transform_translateY_effect_hover_mobile&quot;:{&quot;unit&quot;:&quot;px&quot;,&quot;size&quot;:&quot;&quot;,&quot;sizes&quot;:[]}}\">\n\t\t\t\t<div class=\"elementor-element elementor-element-3100d7e elementor-widget elementor-widget-html\" data-id=\"3100d7e\" data-element_type=\"widget\" data-widget_type=\"html.default\">\n\t\t\t\t<div class=\"elementor-widget-container\">\n\t\t\t<img decoding=\"async\" src=\"https:\/\/www.fukufood.cz\/wp-content\/uploads\/2024\/05\/whitestar.svg\" class=\"card-star\">\t\t<\/div>\n\t\t\t\t<\/div>\n\t\t<div class=\"elementor-element elementor-element-a208c21 e-con-full e-flex e-con e-child\" data-id=\"a208c21\" data-element_type=\"container\">\n\t\t\t\t<div class=\"elementor-element elementor-element-6708885 elementor-widget__width-auto card-heading elementor-widget elementor-widget-text-editor\" data-id=\"6708885\" data-element_type=\"widget\" data-widget_type=\"text-editor.default\">\n\t\t\t\t<div class=\"elementor-widget-container\">\n\t\t\t\t\t\t\t<p>500 K\u010d<\/p>\t\t\t\t\t\t<\/div>\n\t\t\t\t<\/div>\n\t\t\t\t<\/div>\n\t\t\t\t<\/div>\n\t\t<div class=\"elementor-element elementor-element-a92fad6 e-con-full e-transform e-flex elementor-invisible e-con e-child\" data-id=\"a92fad6\" data-element_type=\"container\" data-settings=\"{&quot;background_background&quot;:&quot;classic&quot;,&quot;_transform_translateY_effect_hover&quot;:{&quot;unit&quot;:&quot;px&quot;,&quot;size&quot;:16,&quot;sizes&quot;:[]},&quot;animation&quot;:&quot;fadeIn&quot;,&quot;animation_delay&quot;:400,&quot;_transform_translateX_effect_hover&quot;:{&quot;unit&quot;:&quot;px&quot;,&quot;size&quot;:&quot;&quot;,&quot;sizes&quot;:[]},&quot;_transform_translateX_effect_hover_tablet&quot;:{&quot;unit&quot;:&quot;px&quot;,&quot;size&quot;:&quot;&quot;,&quot;sizes&quot;:[]},&quot;_transform_translateX_effect_hover_mobile&quot;:{&quot;unit&quot;:&quot;px&quot;,&quot;size&quot;:&quot;&quot;,&quot;sizes&quot;:[]},&quot;_transform_translateY_effect_hover_tablet&quot;:{&quot;unit&quot;:&quot;px&quot;,&quot;size&quot;:&quot;&quot;,&quot;sizes&quot;:[]},&quot;_transform_translateY_effect_hover_mobile&quot;:{&quot;unit&quot;:&quot;px&quot;,&quot;size&quot;:&quot;&quot;,&quot;sizes&quot;:[]}}\">\n\t\t\t\t<div class=\"elementor-element elementor-element-1629a4d elementor-widget elementor-widget-html\" data-id=\"1629a4d\" data-element_type=\"widget\" data-widget_type=\"html.default\">\n\t\t\t\t<div class=\"elementor-widget-container\">\n\t\t\t<img decoding=\"async\" src=\"https:\/\/www.fukufood.cz\/wp-content\/uploads\/2024\/05\/whitestar.svg\" class=\"card-star\">\t\t<\/div>\n\t\t\t\t<\/div>\n\t\t<div class=\"elementor-element elementor-element-93a7d97 e-con-full e-flex e-con e-child\" data-id=\"93a7d97\" data-element_type=\"container\">\n\t\t\t\t<div class=\"elementor-element elementor-element-ef5601f elementor-widget__width-auto card-heading elementor-widget elementor-widget-text-editor\" data-id=\"ef5601f\" data-element_type=\"widget\" data-widget_type=\"text-editor.default\">\n\t\t\t\t<div class=\"elementor-widget-container\">\n\t\t\t\t\t\t\t<p>1000 K\u010d<\/p>\t\t\t\t\t\t<\/div>\n\t\t\t\t<\/div>\n\t\t\t\t<\/div>\n\t\t\t\t<\/div>\n\t\t<div class=\"elementor-element elementor-element-f63b2dd e-con-full e-transform e-flex elementor-invisible e-con e-child\" data-id=\"f63b2dd\" data-element_type=\"container\" data-settings=\"{&quot;background_background&quot;:&quot;classic&quot;,&quot;_transform_translateY_effect_hover&quot;:{&quot;unit&quot;:&quot;px&quot;,&quot;size&quot;:16,&quot;sizes&quot;:[]},&quot;animation&quot;:&quot;fadeIn&quot;,&quot;animation_delay&quot;:650,&quot;_transform_translateX_effect_hover&quot;:{&quot;unit&quot;:&quot;px&quot;,&quot;size&quot;:&quot;&quot;,&quot;sizes&quot;:[]},&quot;_transform_translateX_effect_hover_tablet&quot;:{&quot;unit&quot;:&quot;px&quot;,&quot;size&quot;:&quot;&quot;,&quot;sizes&quot;:[]},&quot;_transform_translateX_effect_hover_mobile&quot;:{&quot;unit&quot;:&quot;px&quot;,&quot;size&quot;:&quot;&quot;,&quot;sizes&quot;:[]},&quot;_transform_translateY_effect_hover_tablet&quot;:{&quot;unit&quot;:&quot;px&quot;,&quot;size&quot;:&quot;&quot;,&quot;sizes&quot;:[]},&quot;_transform_translateY_effect_hover_mobile&quot;:{&quot;unit&quot;:&quot;px&quot;,&quot;size&quot;:&quot;&quot;,&quot;sizes&quot;:[]}}\">\n\t\t\t\t<div class=\"elementor-element elementor-element-9e6e6e3 elementor-widget elementor-widget-html\" data-id=\"9e6e6e3\" data-element_type=\"widget\" data-widget_type=\"html.default\">\n\t\t\t\t<div class=\"elementor-widget-container\">\n\t\t\t<img decoding=\"async\" src=\"https:\/\/www.fukufood.cz\/wp-content\/uploads\/2024\/05\/whitestar.svg\" class=\"card-star\">\t\t<\/div>\n\t\t\t\t<\/div>\n\t\t<div class=\"elementor-element elementor-element-d711fb2 e-con-full e-flex e-con e-child\" data-id=\"d711fb2\" data-element_type=\"container\">\n\t\t\t\t<div class=\"elementor-element elementor-element-55fd006 elementor-widget__width-auto card-heading elementor-widget elementor-widget-text-editor\" data-id=\"55fd006\" data-element_type=\"widget\" data-widget_type=\"text-editor.default\">\n\t\t\t\t<div class=\"elementor-widget-container\">\n\t\t\t\t\t\t\t<p>1 500 K\u010d<\/p>\t\t\t\t\t\t<\/div>\n\t\t\t\t<\/div>\n\t\t\t\t<\/div>\n\t\t\t\t<\/div>\n\t\t<div class=\"elementor-element elementor-element-25cc3ad e-con-full e-transform e-flex elementor-invisible e-con e-child\" data-id=\"25cc3ad\" data-element_type=\"container\" data-settings=\"{&quot;background_background&quot;:&quot;classic&quot;,&quot;_transform_translateY_effect_hover&quot;:{&quot;unit&quot;:&quot;px&quot;,&quot;size&quot;:16,&quot;sizes&quot;:[]},&quot;animation&quot;:&quot;fadeIn&quot;,&quot;animation_delay&quot;:650,&quot;_transform_translateX_effect_hover&quot;:{&quot;unit&quot;:&quot;px&quot;,&quot;size&quot;:&quot;&quot;,&quot;sizes&quot;:[]},&quot;_transform_translateX_effect_hover_tablet&quot;:{&quot;unit&quot;:&quot;px&quot;,&quot;size&quot;:&quot;&quot;,&quot;sizes&quot;:[]},&quot;_transform_translateX_effect_hover_mobile&quot;:{&quot;unit&quot;:&quot;px&quot;,&quot;size&quot;:&quot;&quot;,&quot;sizes&quot;:[]},&quot;_transform_translateY_effect_hover_tablet&quot;:{&quot;unit&quot;:&quot;px&quot;,&quot;size&quot;:&quot;&quot;,&quot;sizes&quot;:[]},&quot;_transform_translateY_effect_hover_mobile&quot;:{&quot;unit&quot;:&quot;px&quot;,&quot;size&quot;:&quot;&quot;,&quot;sizes&quot;:[]}}\">\n\t\t\t\t<div class=\"elementor-element elementor-element-bc6e3cd elementor-widget elementor-widget-html\" data-id=\"bc6e3cd\" data-element_type=\"widget\" data-widget_type=\"html.default\">\n\t\t\t\t<div class=\"elementor-widget-container\">\n\t\t\t<img decoding=\"async\" src=\"https:\/\/www.fukufood.cz\/wp-content\/uploads\/2024\/05\/whitestar.svg\" class=\"card-star\">\t\t<\/div>\n\t\t\t\t<\/div>\n\t\t<div class=\"elementor-element elementor-element-176bf1d e-con-full e-flex e-con e-child\" data-id=\"176bf1d\" data-element_type=\"container\">\n\t\t\t\t<div class=\"elementor-element elementor-element-c0a2fde elementor-widget__width-auto card-heading elementor-widget elementor-widget-text-editor\" data-id=\"c0a2fde\" data-element_type=\"widget\" data-widget_type=\"text-editor.default\">\n\t\t\t\t<div class=\"elementor-widget-container\">\n\t\t\t\t\t\t\t<p>2 000 K\u010d<\/p>\t\t\t\t\t\t<\/div>\n\t\t\t\t<\/div>\n\t\t\t\t<\/div>\n\t\t\t\t<\/div>\n\t\t\t\t<\/div>\n\t\t\t\t<\/div>\n\t\t\t\t<\/div>\n\t\t<div class=\"elementor-element elementor-element-7b1a7dd e-con-full e-flex e-con e-child\" data-id=\"7b1a7dd\" data-element_type=\"container\" data-settings=\"{&quot;background_background&quot;:&quot;classic&quot;}\">\n\t\t<div class=\"elementor-element elementor-element-ebd3bcb e-con-full e-flex elementor-invisible e-con e-child\" data-id=\"ebd3bcb\" data-element_type=\"container\" data-settings=\"{&quot;background_background&quot;:&quot;classic&quot;,&quot;animation&quot;:&quot;fadeIn&quot;,&quot;animation_delay&quot;:600}\">\n\t\t<div class=\"elementor-element elementor-element-4cbba42 e-con-full e-flex e-con e-child\" data-id=\"4cbba42\" data-element_type=\"container\">\n\t\t\t\t<div class=\"elementor-element elementor-element-f4dc7fd image-star elementor-widget elementor-widget-html\" data-id=\"f4dc7fd\" data-element_type=\"widget\" data-widget_type=\"html.default\">\n\t\t\t\t<div class=\"elementor-widget-container\">\n\t\t\t<img decoding=\"async\" src=\"https:\/\/www.fukufood.cz\/wp-content\/uploads\/2024\/05\/whitestar.svg\" class=\"card-star\">\t\t<\/div>\n\t\t\t\t<\/div>\n\t\t\t\t<\/div>\n\t\t\t\t<\/div>\n\t\t<div class=\"elementor-element elementor-element-3f1c0de e-con-full e-flex elementor-invisible e-con e-child\" data-id=\"3f1c0de\" data-element_type=\"container\" data-settings=\"{&quot;background_background&quot;:&quot;classic&quot;,&quot;animation&quot;:&quot;fadeIn&quot;,&quot;animation_delay&quot;:900}\">\n\t\t<div class=\"elementor-element elementor-element-2a44dde e-con-full e-flex e-con e-child\" data-id=\"2a44dde\" data-element_type=\"container\">\n\t\t\t\t<div class=\"elementor-element elementor-element-aa1fc10 image-star elementor-widget elementor-widget-html\" data-id=\"aa1fc10\" data-element_type=\"widget\" data-widget_type=\"html.default\">\n\t\t\t\t<div class=\"elementor-widget-container\">\n\t\t\t<img decoding=\"async\" src=\"https:\/\/www.fukufood.cz\/wp-content\/uploads\/2024\/05\/whitestar.svg\" class=\"card-star\">\t\t<\/div>\n\t\t\t\t<\/div>\n\t\t\t\t<\/div>\n\t\t\t\t<\/div>\n\t\t\t\t<\/div>\n\t\t\t\t\t<\/div>\n\t\t\t\t<\/div>\n\t\t\t\t<\/div>","protected":false},"excerpt":{"rendered":"<p>Ud\u011blejte sv\u00fdm mil\u00fdm radost a darujte jim n\u00e1\u0161 voucher V nab\u00eddce m\u00e1me vouchery v hodnot\u00e1ch 500 K\u010d, 1000 K\u010d, 1500 K\u010d a 2000 K\u010d. D\u00e1rkov\u00e9 vouchery si m\u016f\u017eete zakoupit p\u0159\u00edmo u n\u00e1s v restauraci! Kontaktujte n\u00e1s 500 K\u010d 1000 K\u010d 1 500 K\u010d 2 000 K\u010d<\/p>","protected":false},"author":2,"featured_media":0,"parent":0,"menu_order":0,"comment_status":"closed","ping_status":"closed","template":"","meta":{"footnotes":""},"yoast_head":"<!-- This site is optimized with the Yoast SEO plugin v17.4 - https:\/\/yoast.com\/wordpress\/plugins\/seo\/ -->\n<title>Voucher - Fuku - Wok &amp; Sushi<\/title>\n<meta name=\"robots\" content=\"index, follow, max-snippet:-1, max-image-preview:large, max-video-preview:-1\" \/>\n<link rel=\"canonical\" href=\"https:\/\/www.fukufood.cz\/en\/voucher\/\" \/>\n<meta property=\"og:locale\" content=\"en_GB\" \/>\n<meta property=\"og:type\" content=\"article\" \/>\n<meta property=\"og:title\" content=\"Voucher - Fuku - Wok &amp; Sushi\" \/>\n<meta property=\"og:description\" content=\"Ud\u011blejte sv\u00fdm mil\u00fdm radost a darujte jim n\u00e1\u0161 voucher V nab\u00eddce m\u00e1me vouchery v hodnot\u00e1ch 500 K\u010d, 1000 K\u010d, 1500 K\u010d a 2000 K\u010d. D\u00e1rkov\u00e9 vouchery si m\u016f\u017eete zakoupit p\u0159\u00edmo u n\u00e1s v restauraci! Kontaktujte n\u00e1s 500 K\u010d 1000 K\u010d 1 500 K\u010d 2 000 K\u010d\" \/>\n<meta property=\"og:url\" content=\"https:\/\/www.fukufood.cz\/en\/voucher\/\" \/>\n<meta property=\"og:site_name\" content=\"Fuku - Wok &amp; Sushi\" \/>\n<meta property=\"article:modified_time\" content=\"2024-05-14T12:56:39+00:00\" \/>\n<meta property=\"og:image\" content=\"https:\/\/www.fukufood.cz\/wp-content\/uploads\/2024\/05\/party.webp\" \/>\n<meta name=\"twitter:card\" content=\"summary_large_image\" \/>\n<script type=\"application\/ld+json\" class=\"yoast-schema-graph\">{\"@context\":\"https:\/\/schema.org\",\"@graph\":[{\"@type\":\"WebSite\",\"@id\":\"https:\/\/www.fukufood.cz\/en\/#website\",\"url\":\"https:\/\/www.fukufood.cz\/en\/\",\"name\":\"Fuku - Wok &amp; Sushi\",\"description\":\"Asian Fusion &amp; Dovoz j\\u00eddla\",\"potentialAction\":[{\"@type\":\"SearchAction\",\"target\":{\"@type\":\"EntryPoint\",\"urlTemplate\":\"https:\/\/www.fukufood.cz\/en\/?s={search_term_string}\"},\"query-input\":\"required name=search_term_string\"}],\"inLanguage\":\"en-GB\"},{\"@type\":\"ImageObject\",\"@id\":\"https:\/\/www.fukufood.cz\/en\/voucher\/#primaryimage\",\"inLanguage\":\"en-GB\",\"url\":\"https:\/\/www.fukufood.cz\/wp-content\/uploads\/2024\/05\/party.webp\",\"contentUrl\":\"https:\/\/www.fukufood.cz\/wp-content\/uploads\/2024\/05\/party.webp\",\"width\":2048,\"height\":1024},{\"@type\":\"WebPage\",\"@id\":\"https:\/\/www.fukufood.cz\/en\/voucher\/#webpage\",\"url\":\"https:\/\/www.fukufood.cz\/en\/voucher\/\",\"name\":\"Voucher - Fuku - Wok &amp; Sushi\",\"isPartOf\":{\"@id\":\"https:\/\/www.fukufood.cz\/en\/#website\"},\"primaryImageOfPage\":{\"@id\":\"https:\/\/www.fukufood.cz\/en\/voucher\/#primaryimage\"},\"datePublished\":\"2024-05-13T13:19:57+00:00\",\"dateModified\":\"2024-05-14T12:56:39+00:00\",\"breadcrumb\":{\"@id\":\"https:\/\/www.fukufood.cz\/en\/voucher\/#breadcrumb\"},\"inLanguage\":\"en-GB\",\"potentialAction\":[{\"@type\":\"ReadAction\",\"target\":[\"https:\/\/www.fukufood.cz\/en\/voucher\/\"]}]},{\"@type\":\"BreadcrumbList\",\"@id\":\"https:\/\/www.fukufood.cz\/en\/voucher\/#breadcrumb\",\"itemListElement\":[{\"@type\":\"ListItem\",\"position\":1,\"name\":\"Dom\\u016f\",\"item\":\"https:\/\/www.fukufood.cz\/en\/\"},{\"@type\":\"ListItem\",\"position\":2,\"name\":\"Voucher\"}]}]}<\/script>\n<!-- \/ Yoast SEO plugin. -->","yoast_head_json":{"title":"Voucher - Fuku - Wok &amp; Sushi","robots":{"index":"index","follow":"follow","max-snippet":"max-snippet:-1","max-image-preview":"max-image-preview:large","max-video-preview":"max-video-preview:-1"},"canonical":"https:\/\/www.fukufood.cz\/en\/voucher\/","og_locale":"en_GB","og_type":"article","og_title":"Voucher - Fuku - Wok &amp; Sushi","og_description":"Ud\u011blejte sv\u00fdm mil\u00fdm radost a darujte jim n\u00e1\u0161 voucher V nab\u00eddce m\u00e1me vouchery v hodnot\u00e1ch 500 K\u010d, 1000 K\u010d, 1500 K\u010d a 2000 K\u010d. D\u00e1rkov\u00e9 vouchery si m\u016f\u017eete zakoupit p\u0159\u00edmo u n\u00e1s v restauraci! Kontaktujte n\u00e1s 500 K\u010d 1000 K\u010d 1 500 K\u010d 2 000 K\u010d","og_url":"https:\/\/www.fukufood.cz\/en\/voucher\/","og_site_name":"Fuku - Wok &amp; Sushi","article_modified_time":"2024-05-14T12:56:39+00:00","og_image":[{"url":"https:\/\/www.fukufood.cz\/wp-content\/uploads\/2024\/05\/party.webp"}],"twitter_card":"summary_large_image","schema":{"@context":"https:\/\/schema.org","@graph":[{"@type":"WebSite","@id":"https:\/\/www.fukufood.cz\/en\/#website","url":"https:\/\/www.fukufood.cz\/en\/","name":"Fuku - Wok &amp; Sushi","description":"Asian Fusion &amp; Dovoz j\u00eddla","potentialAction":[{"@type":"SearchAction","target":{"@type":"EntryPoint","urlTemplate":"https:\/\/www.fukufood.cz\/en\/?s={search_term_string}"},"query-input":"required name=search_term_string"}],"inLanguage":"en-GB"},{"@type":"ImageObject","@id":"https:\/\/www.fukufood.cz\/en\/voucher\/#primaryimage","inLanguage":"en-GB","url":"https:\/\/www.fukufood.cz\/wp-content\/uploads\/2024\/05\/party.webp","contentUrl":"https:\/\/www.fukufood.cz\/wp-content\/uploads\/2024\/05\/party.webp","width":2048,"height":1024},{"@type":"WebPage","@id":"https:\/\/www.fukufood.cz\/en\/voucher\/#webpage","url":"https:\/\/www.fukufood.cz\/en\/voucher\/","name":"Voucher - Fuku - Wok &amp; Sushi","isPartOf":{"@id":"https:\/\/www.fukufood.cz\/en\/#website"},"primaryImageOfPage":{"@id":"https:\/\/www.fukufood.cz\/en\/voucher\/#primaryimage"},"datePublished":"2024-05-13T13:19:57+00:00","dateModified":"2024-05-14T12:56:39+00:00","breadcrumb":{"@id":"https:\/\/www.fukufood.cz\/en\/voucher\/#breadcrumb"},"inLanguage":"en-GB","potentialAction":[{"@type":"ReadAction","target":["https:\/\/www.fukufood.cz\/en\/voucher\/"]}]},{"@type":"BreadcrumbList","@id":"https:\/\/www.fukufood.cz\/en\/voucher\/#breadcrumb","itemListElement":[{"@type":"ListItem","position":1,"name":"Dom\u016f","item":"https:\/\/www.fukufood.cz\/en\/"},{"@type":"ListItem","position":2,"name":"Voucher"}]}]}},"_links":{"self":[{"href":"https:\/\/www.fukufood.cz\/en\/wp-json\/wp\/v2\/pages\/17282"}],"collection":[{"href":"https:\/\/www.fukufood.cz\/en\/wp-json\/wp\/v2\/pages"}],"about":[{"href":"https:\/\/www.fukufood.cz\/en\/wp-json\/wp\/v2\/types\/page"}],"author":[{"embeddable":true,"href":"https:\/\/www.fukufood.cz\/en\/wp-json\/wp\/v2\/users\/2"}],"replies":[{"embeddable":true,"href":"https:\/\/www.fukufood.cz\/en\/wp-json\/wp\/v2\/comments?post=17282"}],"version-history":[{"count":28,"href":"https:\/\/www.fukufood.cz\/en\/wp-json\/wp\/v2\/pages\/17282\/revisions"}],"predecessor-version":[{"id":17410,"href":"https:\/\/www.fukufood.cz\/en\/wp-json\/wp\/v2\/pages\/17282\/revisions\/17410"}],"wp:attachment":[{"href":"https:\/\/www.fukufood.cz\/en\/wp-json\/wp\/v2\/media?parent=17282"}],"curies":[{"name":"wp","href":"https:\/\/api.w.org\/{rel}","templated":true}]}}